{"id":17328,"date":"2018-11-03T12:23:28","date_gmt":"2018-11-03T11:23:28","guid":{"rendered":"http:\/\/ivoreya-judo.si.afna.si\/?page_id=17328"},"modified":"2025-09-12T11:35:14","modified_gmt":"2025-09-12T10:35:14","slug":"judo-sole","status":"publish","type":"page","link":"http:\/\/ivoreya-judo.si.afna.si\/?page_id=17328","title":{"rendered":"Judo \u0161ole"},"content":{"rendered":"<p>JUDO TRENINGI NA \u0160OLAH<em>&nbsp; &nbsp;<br \/>\n<\/em><\/p>\n<p><strong>O.\u0160. FRANA RO\u0160A<\/strong>&nbsp; &nbsp; &nbsp; &nbsp; &nbsp; &nbsp; &nbsp; &nbsp; pri\u010dnemo v \u010detrtek 18.09.&nbsp;<\/p>\n<p><strong>O.\u0160. BLA\u017dA KOCENA, PONIKVA<\/strong>&nbsp; pri\u010dnemo v ponedeljek 15.09.&nbsp;<em><br \/>\n<\/em><\/p>\n<p><strong>O.\u0160. FRANJA MALGAJA, \u0160ENTJUR<\/strong> pri\u010dnemo v petek 19.09.&nbsp;<em><br \/>\n<\/em><\/p>\n<p><strong>&nbsp;<\/strong><\/p>\n<p>&nbsp;&nbsp;&nbsp;&nbsp;&nbsp;&nbsp;&nbsp;&nbsp;&nbsp;&nbsp;&nbsp;&nbsp;&nbsp;&nbsp;&nbsp;&nbsp;&nbsp;<\/p>\n","protected":false},"excerpt":{"rendered":"<p>JUDO TRENINGI NA \u0160OLAH&nbsp; &nbsp; O.\u0160. FRANA RO\u0160A&nbsp; &nbsp; &nbsp; &nbsp; &nbsp; &nbsp; &nbsp; &nbsp; pri\u010dnemo v \u010detrtek 18.09.&nbsp; O.\u0160. BLA\u017dA KOCENA, PONIKVA&nbsp; pri\u010dnemo v ponedeljek 15.09.&nbsp; O.\u0160. FRANJA MALGAJA, \u0160ENTJUR pri\u010dnemo v petek 19.09.&nbsp; &nbsp; &nbsp;&nbsp;&nbsp;&nbsp;&nbsp;&nbsp;&nbsp;&nbsp;&nbsp;&nbsp;&nbsp;&nbsp;&nbsp;&nbsp;&nbsp;&nbsp;&nbsp;<\/p>\n","protected":false},"author":2,"featured_media":0,"parent":0,"menu_order":0,"comment_status":"closed","ping_status":"closed","template":"","meta":{"ngg_post_thumbnail":0,"footnotes":""},"class_list":["post-17328","page","type-page","status-publish","hentry"],"jetpack_shortlink":"https:\/\/wp.me\/P345DH-4vu","jetpack_sharing_enabled":true,"_links":{"self":[{"href":"http:\/\/ivoreya-judo.si.afna.si\/index.php?rest_route=\/wp\/v2\/pages\/17328","targetHints":{"allow":["GET"]}}],"collection":[{"href":"http:\/\/ivoreya-judo.si.afna.si\/index.php?rest_route=\/wp\/v2\/pages"}],"about":[{"href":"http:\/\/ivoreya-judo.si.afna.si\/index.php?rest_route=\/wp\/v2\/types\/page"}],"author":[{"embeddable":true,"href":"http:\/\/ivoreya-judo.si.afna.si\/index.php?rest_route=\/wp\/v2\/users\/2"}],"replies":[{"embeddable":true,"href":"http:\/\/ivoreya-judo.si.afna.si\/index.php?rest_route=%2Fwp%2Fv2%2Fcomments&post=17328"}],"version-history":[{"count":12,"href":"http:\/\/ivoreya-judo.si.afna.si\/index.php?rest_route=\/wp\/v2\/pages\/17328\/revisions"}],"predecessor-version":[{"id":18888,"href":"http:\/\/ivoreya-judo.si.afna.si\/index.php?rest_route=\/wp\/v2\/pages\/17328\/revisions\/18888"}],"wp:attachment":[{"href":"http:\/\/ivoreya-judo.si.afna.si\/index.php?rest_route=%2Fwp%2Fv2%2Fmedia&parent=17328"}],"curies":[{"name":"wp","href":"https:\/\/api.w.org\/{rel}","templated":true}]}}