{"id":439,"date":"2013-09-18T23:23:44","date_gmt":"2013-09-18T22:23:44","guid":{"rendered":"http:\/\/ivoreya-judo.si.afna.si\/?page_id=439"},"modified":"2025-09-12T11:48:08","modified_gmt":"2025-09-12T10:48:08","slug":"vpis-2013","status":"publish","type":"page","link":"http:\/\/ivoreya-judo.si.afna.si\/?page_id=439","title":{"rendered":"Vpis &#8211; skupine"},"content":{"rendered":"\n<h3 class=\"wp-block-heading has-text-align-left\">&nbsp;<\/h3>\n\n\n\n<h3 class=\"wp-block-heading\">JUDO KLUB IVO REYA<\/h3>\n\n\n\n<p><strong><span style=\"font-size: 16px;\">Kontakt:<\/span><\/strong><\/p>\n\n\n\n<p><strong><span style=\"font-size: 14px;\"><a href=\"mailto:info@ivoreya-judo.si\" target=\"_blank\" rel=\"noopener noreferrer\">info@ivoreya-judo.si<\/a><\/span><\/strong><br><strong> Brane \u010crepin\u0161ek &#8211; predsednik: 031 300 180&nbsp;<\/strong><\/p>\n\n\n\n<p class=\"has-text-align-left\"><strong><mark style=\"background-color:rgba(0, 0, 0, 0);color:#910d0d\" class=\"has-inline-color\">INFORMACIJE GLEDE TRENINGOV<\/mark>&nbsp; &nbsp; <\/strong><\/p>\n\n\n\n<p class=\"has-text-align-left\"><strong>                                   Goran Janji\u0107 &#8211; glavni trener: 041 453 850\u00a0 \u00a0 \u00a0 \u00a0 \u00a0 \u00a0 \u00a0 \u00a0 \u00a0 \u00a0 \u00a0 \u00a0 \u00a0 \u00a0 \u00a0 \u00a0 \u00a0 \u00a0 \u00a0 \u00a0 \u00a0 \u00a0 \u00a0 \u00a0 \u00a0 \u00a0 \u00a0 \u00a0 \u00a0 \u00a0 \u00a0 \u00a0 \u00a0 \u00a0 \u00a0 \u00a0 \u00a0 \u00a0 \u00a0 \u00a0 \u00a0 \u00a0 \u00a0 \u00a0 \u00a0 \u00a0 \u00a0 Pia Pavleti\u0107 &#8211; trenerka\u00a0 \u00a0 \u00a0 \u00a0 \u00a0 \u00a0 \u00a0 \u00a0 \u00a0 \u00a0 \u00a0 \u00a0 \u00a0 \u00a0 \u00a0 \u00a0 \u00a0 \u00a0 \u00a0 \u00a0 \u00a0 \u00a0 \u00a0 \u00a0 \u00a0 \u00a0 \u00a0 \u00a0 \u00a0 \u00a0 \u00a0 \u00a0 \u00a0 \u00a0 \u00a0 \u00a0 \u00a0 \u00a0 \u00a0 \u00a0 \u00a0 \u00a0 \u00a0 \u00a0 \u00a0 \u00a0 \u00a0 \u00a0 \u00a0 \u00a0 \u00a0 \u00a0 \u00a0 \u00a0 \u00a0\u00a0\u00a0\u00a0\u00a0\u00a0\u00a0\u00a0\u00a0\u00a0\u00a0\u00a0\u00a0\u00a0\u00a0\u00a0\u00a0\u00a0\u00a0\u00a0\u00a0\u00a0\u00a0\u00a0\u00a0\u00a0\u00a0\u00a0\u00a0\u00a0\u00a0\u00a0\u00a0\u00a0\u00a0\u00a0\u00a0\u00a0\u00a0\u00a0\u00a0\u00a0\u00a0\u00a0\u00a0\u00a0\u00a0\u00a0\u00a0\u00a0\u00a0\u00a0\u00a0\u00a0\u00a0\u00a0\u00a0\u00a0\u00a0\u00a0\u00a0\u00a0\u00a0\u00a0\u00a0\u00a0\u00a0\u00a0\u00a0\u00a0\u00a0\u00a0\u00a0\u00a0\u00a0\u00a0\u00a0\u00a0\u00a0\u00a0\u00a0\u00a0\u00a0\u00a0\u00a0\u00a0\u00a0\u00a0\u00a0\u00a0\u00a0\u00a0\u00a0\u00a0\u00a0\u00a0\u00a0\u00a0\u00a0\u00a0\u00a0<br><\/strong><\/p>\n\n\n\n<p class=\"has-text-align-left\"><span style=\"font-size: 12px;\">Ime organizacije: JUDO KLUB IVO REYA<\/span><br><span style=\"font-size: 12px;\">Naslov: TEHARSKA 34 , 3000 CELJE<\/span><br><span style=\"font-size: 12px;\">Po\u0161tna \u0161tevilka: 3000 CELJE<\/span><br><span style=\"font-size: 12px;\">Mati\u010dna \u0161tevilka: 5160197<\/span><br><span style=\"font-size: 12px;\">Dav\u010dna \u0161tevilka: 98942379&nbsp;&nbsp;&nbsp;&nbsp;&nbsp;&nbsp;&nbsp;&nbsp; &nbsp; &nbsp; &nbsp; &nbsp; &nbsp; &nbsp; &nbsp; &nbsp; &nbsp; &nbsp; &nbsp; &nbsp; &nbsp; &nbsp; &nbsp; &nbsp; &nbsp; &nbsp; &nbsp; &nbsp; &nbsp; &nbsp; &nbsp; &nbsp; &nbsp; &nbsp; &nbsp; &nbsp; &nbsp; &nbsp; &nbsp; &nbsp; &nbsp; &nbsp; &nbsp; &nbsp; &nbsp; &nbsp; &nbsp; &nbsp; &nbsp; &nbsp; &nbsp; &nbsp; &nbsp; &nbsp; &nbsp; &nbsp; &nbsp; &nbsp; &nbsp; &nbsp; &nbsp; &nbsp; &nbsp; &nbsp; &nbsp; &nbsp; &nbsp; &nbsp; &nbsp; &nbsp; &nbsp; &nbsp; &nbsp; &nbsp; &nbsp; &nbsp; &nbsp; &nbsp; &nbsp; &nbsp;&nbsp; TRR: 02234-0254158090 NLB d.d.&nbsp;&nbsp;&nbsp;&nbsp;&nbsp;&nbsp; &nbsp; &nbsp;&nbsp;&nbsp;&nbsp;&nbsp;&nbsp;&nbsp;&nbsp;&nbsp;&nbsp;&nbsp;&nbsp;&nbsp;&nbsp;&nbsp;&nbsp;&nbsp;&nbsp;&nbsp;&nbsp;&nbsp;&nbsp;&nbsp;&nbsp;&nbsp;&nbsp;&nbsp;&nbsp;&nbsp;&nbsp;&nbsp;&nbsp;&nbsp;&nbsp;&nbsp;&nbsp;&nbsp;&nbsp;&nbsp;&nbsp;&nbsp;&nbsp;&nbsp;&nbsp;&nbsp;&nbsp;&nbsp;&nbsp;&nbsp;&nbsp;&nbsp;&nbsp;&nbsp;&nbsp;&nbsp;&nbsp;&nbsp;&nbsp;&nbsp;&nbsp;&nbsp;&nbsp;&nbsp;&nbsp;&nbsp;&nbsp;&nbsp;&nbsp;&nbsp;&nbsp;&nbsp;&nbsp;&nbsp;&nbsp;&nbsp;&nbsp;&nbsp;&nbsp;&nbsp;&nbsp;&nbsp;&nbsp;&nbsp;&nbsp;&nbsp;&nbsp;&nbsp;&nbsp;&nbsp;&nbsp;&nbsp;&nbsp;&nbsp;&nbsp;&nbsp;&nbsp;&nbsp;&nbsp;&nbsp;&nbsp;&nbsp;&nbsp;&nbsp;&nbsp;&nbsp;&nbsp;&nbsp;&nbsp;&nbsp;&nbsp;&nbsp;&nbsp;&nbsp;&nbsp;&nbsp;&nbsp;&nbsp;&nbsp;&nbsp;&nbsp;&nbsp;&nbsp;&nbsp;&nbsp;&nbsp;&nbsp;&nbsp;&nbsp;&nbsp;&nbsp;&nbsp;&nbsp;&nbsp;&nbsp;&nbsp;&nbsp;&nbsp;&nbsp;&nbsp;&nbsp;&nbsp;<br><\/span><\/p>\n\n\n\n<p class=\"has-text-align-left\"><strong style=\"line-height: 1.71429; font-size: 1rem;\">JUDO VRTEC &nbsp;(Prostori na Celjskem letnem kopali\u0161\u010du)&nbsp;<span style=\"color: #ff0000;\">&nbsp; &nbsp; &nbsp; &nbsp; &nbsp; &nbsp; &nbsp; &nbsp; &nbsp; &nbsp; &nbsp; &nbsp; &nbsp; &nbsp; &nbsp; &nbsp; &nbsp; <\/span>&nbsp; &nbsp; &nbsp; &nbsp; &nbsp; &nbsp; &nbsp; &nbsp; &nbsp; &nbsp; &nbsp; &nbsp; <\/strong>SREDA 16.00<\/p>\n\n\n\n<p class=\"has-text-align-left\"><strong>MLAJ\u0160A SKUPINA (Celjsko letno kopali\u0161\u010de)<\/strong>  &#8211; <strong>ZA\u010cETNIKI<\/strong>    <\/p>\n\n\n\n<p class=\"has-text-align-left\">TOR IN \u010cET 16:30 &#8211; 17:30<\/p>\n\n\n\n<p class=\"has-text-align-left\"><strong>NADALJEVALNA SKUPINA (<\/strong><strong style=\"font-size: 1rem; line-height: 1.84615;\">Celjsko letno kopali\u0161\u010de<\/strong><strong>)<\/strong><\/p>\n\n\n\n<p class=\"has-text-align-left\"><strong> <\/strong>PON, SRE, PET 17h \u2013 18.30h\u00a0<\/p>\n\n\n\n<p class=\"has-text-align-left\"><strong>STAREJ\u0160A SKUPINA (<strong style=\"font-size: 1rem; line-height: 1.84615;\">Celjsko letno kopali\u0161<\/strong>\u010de)&nbsp;<br><\/strong><\/p>\n\n\n\n<p class=\"has-text-align-left\">PON 18.30 \u2013 20.15<br>TOR&nbsp; 17:30 &#8211; 19:00<br>SRE&nbsp;&nbsp; 18.30 \u2013 20.15 &nbsp; &nbsp; &nbsp;&nbsp; &nbsp;&nbsp;&nbsp;&nbsp;&nbsp;&nbsp;&nbsp;&nbsp;&nbsp;&nbsp;&nbsp;&nbsp;&nbsp;&nbsp;&nbsp;&nbsp;&nbsp;&nbsp;&nbsp;&nbsp;&nbsp;&nbsp;&nbsp;&nbsp;&nbsp;&nbsp;&nbsp;&nbsp;&nbsp;&nbsp;&nbsp;&nbsp;&nbsp;&nbsp;&nbsp;&nbsp;&nbsp;&nbsp;&nbsp;&nbsp;&nbsp;&nbsp;&nbsp;&nbsp;&nbsp;&nbsp;&nbsp;&nbsp;&nbsp;&nbsp;&nbsp;&nbsp;&nbsp;&nbsp;&nbsp;&nbsp;&nbsp;&nbsp;&nbsp;&nbsp;&nbsp;&nbsp;&nbsp;&nbsp;&nbsp;&nbsp;&nbsp;&nbsp;&nbsp;&nbsp;&nbsp;&nbsp;&nbsp;&nbsp;&nbsp;&nbsp;&nbsp;&nbsp;&nbsp;&nbsp;&nbsp;&nbsp;&nbsp;&nbsp;&nbsp;&nbsp;&nbsp;&nbsp;&nbsp;&nbsp;&nbsp;&nbsp;&nbsp;&nbsp;&nbsp;&nbsp;&nbsp;&nbsp;&nbsp;&nbsp;&nbsp;&nbsp;&nbsp;&nbsp;&nbsp;&nbsp;&nbsp;&nbsp;&nbsp;&nbsp;&nbsp;&nbsp;&nbsp;&nbsp;&nbsp;&nbsp;&nbsp;&nbsp;&nbsp;&nbsp;&nbsp;&nbsp;&nbsp;&nbsp;&nbsp;&nbsp;&nbsp;&nbsp;&nbsp; \u010cET             17:30 &#8211; 19:00&nbsp;&nbsp;&nbsp;&nbsp;&nbsp;&nbsp;&nbsp;&nbsp;&nbsp;&nbsp;&nbsp;&nbsp;&nbsp;&nbsp;&nbsp;&nbsp;&nbsp;&nbsp;&nbsp;&nbsp;&nbsp;&nbsp;&nbsp;&nbsp;&nbsp;&nbsp;&nbsp;&nbsp;&nbsp;&nbsp;&nbsp;&nbsp;&nbsp;&nbsp;&nbsp;&nbsp;&nbsp;&nbsp;&nbsp;&nbsp;&nbsp;&nbsp;&nbsp;&nbsp;&nbsp;&nbsp;&nbsp;&nbsp;&nbsp;&nbsp;&nbsp;&nbsp;&nbsp;&nbsp;&nbsp;&nbsp;&nbsp;&nbsp;&nbsp;&nbsp;&nbsp;&nbsp;&nbsp;&nbsp;&nbsp;&nbsp;&nbsp;&nbsp;&nbsp;&nbsp;&nbsp;&nbsp;&nbsp;&nbsp;&nbsp;&nbsp;&nbsp;&nbsp;&nbsp;&nbsp;&nbsp;&nbsp;&nbsp;&nbsp;&nbsp;&nbsp;&nbsp;&nbsp;&nbsp;&nbsp;&nbsp;&nbsp;&nbsp;&nbsp;&nbsp;&nbsp;&nbsp;&nbsp;&nbsp;&nbsp;&nbsp;&nbsp;&nbsp;&nbsp;&nbsp;&nbsp;&nbsp;&nbsp;&nbsp;&nbsp;&nbsp;&nbsp;&nbsp;&nbsp;&nbsp;&nbsp;&nbsp;&nbsp;&nbsp;&nbsp;&nbsp;&nbsp;&nbsp;&nbsp;&nbsp; &nbsp; &nbsp;&nbsp;&nbsp;&nbsp;&nbsp; PET&nbsp;&nbsp; 18.30 \u2013 20.15<\/p>\n\n\n\n<p class=\"has-text-align-left\"><strong>TE\u010cAJ ZA ODRASLE (Celjsko letno kopali\u0161\u010de):&nbsp;<\/strong><\/p>\n\n\n\n<p class=\"has-text-align-left\">TOREK&nbsp;&nbsp;&nbsp;&nbsp; 19:00 &#8211; 21:00<\/p>\n\n\n\n<p class=\"has-text-align-left\">\u010cETRTEK&nbsp; 19:00 &#8211; 21:00&nbsp;<\/p>\n\n\n\n<p class=\"has-text-align-left\"><strong>TE\u010cAJI NA &nbsp;OSNOVNIH \u0160OLAH:<\/strong><\/p>\n\n\n\n<p class=\"has-text-align-left\"><strong>O.\u0160. FRANA RO\u0160A CELJE&nbsp;<br><\/strong>TOREK     14:30 &#8211; 15:30<\/p>\n\n\n\n<p class=\"has-text-align-left\">\u010cETRTEK 14:30 &#8211; <span style=\"color: #ff0000;\"><span style=\"color: #000000;\">15:30<\/span><\/span>&nbsp; &nbsp; &nbsp; &nbsp; &nbsp;&nbsp;<\/p>\n\n\n\n<p class=\"has-text-align-left\"><strong>O.\u0160. FRANA MALGAJA \u0160ENTJUR<\/strong><strong><br><\/strong><\/p>\n\n\n\n<p class=\"has-text-align-left\">PETEK&nbsp; 14:40 &#8211; 15:25<\/p>\n\n\n\n<p class=\"has-text-align-left\"><strong>O.\u0160. BLA\u017dA KOCENA PONIKVA<\/strong><strong><br><\/strong><\/p>\n\n\n\n<p class=\"has-text-align-left\">PONEDELJEK&nbsp; 14:00 &#8211; 15:00<\/p>\n","protected":false},"excerpt":{"rendered":"<p>&nbsp; JUDO KLUB IVO REYA Kontakt: info@ivoreya-judo.si Brane \u010crepin\u0161ek &#8211; predsednik: 031 300 180&nbsp; INFORMACIJE GLEDE TRENINGOV&nbsp; &nbsp; Goran Janji\u0107 &#8211; glavni trener: 041 453 850\u00a0 \u00a0 \u00a0 \u00a0 \u00a0 \u00a0 \u00a0 \u00a0 \u00a0 \u00a0 \u00a0 \u00a0 \u00a0 \u00a0 \u00a0 \u00a0 \u00a0 \u00a0 \u00a0 \u00a0 \u00a0 \u00a0 \u00a0 \u00a0 \u00a0 \u00a0 \u00a0 \u00a0 \u00a0 \u00a0 [&hellip;]<\/p>\n","protected":false},"author":1,"featured_media":0,"parent":0,"menu_order":0,"comment_status":"closed","ping_status":"closed","template":"","meta":{"ngg_post_thumbnail":0,"footnotes":""},"class_list":["post-439","page","type-page","status-publish","hentry"],"jetpack_shortlink":"https:\/\/wp.me\/P345DH-75","jetpack_sharing_enabled":true,"_links":{"self":[{"href":"http:\/\/ivoreya-judo.si.afna.si\/index.php?rest_route=\/wp\/v2\/pages\/439","targetHints":{"allow":["GET"]}}],"collection":[{"href":"http:\/\/ivoreya-judo.si.afna.si\/index.php?rest_route=\/wp\/v2\/pages"}],"about":[{"href":"http:\/\/ivoreya-judo.si.afna.si\/index.php?rest_route=\/wp\/v2\/types\/page"}],"author":[{"embeddable":true,"href":"http:\/\/ivoreya-judo.si.afna.si\/index.php?rest_route=\/wp\/v2\/users\/1"}],"replies":[{"embeddable":true,"href":"http:\/\/ivoreya-judo.si.afna.si\/index.php?rest_route=%2Fwp%2Fv2%2Fcomments&post=439"}],"version-history":[{"count":138,"href":"http:\/\/ivoreya-judo.si.afna.si\/index.php?rest_route=\/wp\/v2\/pages\/439\/revisions"}],"predecessor-version":[{"id":18911,"href":"http:\/\/ivoreya-judo.si.afna.si\/index.php?rest_route=\/wp\/v2\/pages\/439\/revisions\/18911"}],"wp:attachment":[{"href":"http:\/\/ivoreya-judo.si.afna.si\/index.php?rest_route=%2Fwp%2Fv2%2Fmedia&parent=439"}],"curies":[{"name":"wp","href":"https:\/\/api.w.org\/{rel}","templated":true}]}}